{"id":54,"date":"2017-02-21T16:34:32","date_gmt":"2017-02-21T14:34:32","guid":{"rendered":"https:\/\/jsrossautest.wordpress.com\/?page_id=3"},"modified":"2025-11-28T16:34:15","modified_gmt":"2025-11-28T15:34:15","slug":"ueber","status":"publish","type":"page","link":"http:\/\/jsrossau.server-project.net\/www\/?page_id=54","title":{"rendered":"\u00dcBER UNS"},"content":{"rendered":"<p>Hallo! Wir sind die Jungschar Rossau!<\/p>\n<div>\n<p>Die Jungschar ist ein Ort um neue Freundschaften zu schlie\u00dfen und einfach Spa\u00df zu haben. Wir bestehen aus einem Team von \u00fcber 30 Freiwilligen und 8 Jungschargruppen in den Altersstufen von 7-15 Jahren. Wir treffen uns bei w\u00f6chentlichen Gruppenstunden, fahren zusammen dreimal im Jahr auf Lager und es gibt viele Aktivit\u00e4ten \u00fcber das ganze Jahr hinweg.<\/p>\n<\/div>\n<div><\/div>\n","protected":false},"excerpt":{"rendered":"<p>Dies ist nur eine Kurzfassung der Seite&nbsp;\u201e\u00dcber\u201c.<\/p>\n","protected":false},"author":1,"featured_media":476,"parent":0,"menu_order":1,"comment_status":"closed","ping_status":"closed","template":"","meta":{"jetpack_post_was_ever_published":false,"footnotes":""},"class_list":["post-54","page","type-page","status-publish","has-post-thumbnail","hentry"],"jetpack_sharing_enabled":false,"jetpack_shortlink":"https:\/\/wp.me\/P8sfUD-S","jetpack-related-posts":[],"_links":{"self":[{"href":"http:\/\/jsrossau.server-project.net\/www\/index.php?rest_route=\/wp\/v2\/pages\/54"}],"collection":[{"href":"http:\/\/jsrossau.server-project.net\/www\/index.php?rest_route=\/wp\/v2\/pages"}],"about":[{"href":"http:\/\/jsrossau.server-project.net\/www\/index.php?rest_route=\/wp\/v2\/types\/page"}],"author":[{"embeddable":true,"href":"http:\/\/jsrossau.server-project.net\/www\/index.php?rest_route=\/wp\/v2\/users\/1"}],"replies":[{"embeddable":true,"href":"http:\/\/jsrossau.server-project.net\/www\/index.php?rest_route=%2Fwp%2Fv2%2Fcomments&post=54"}],"version-history":[{"count":5,"href":"http:\/\/jsrossau.server-project.net\/www\/index.php?rest_route=\/wp\/v2\/pages\/54\/revisions"}],"predecessor-version":[{"id":5406,"href":"http:\/\/jsrossau.server-project.net\/www\/index.php?rest_route=\/wp\/v2\/pages\/54\/revisions\/5406"}],"wp:featuredmedia":[{"embeddable":true,"href":"http:\/\/jsrossau.server-project.net\/www\/index.php?rest_route=\/wp\/v2\/media\/476"}],"wp:attachment":[{"href":"http:\/\/jsrossau.server-project.net\/www\/index.php?rest_route=%2Fwp%2Fv2%2Fmedia&parent=54"}],"curies":[{"name":"wp","href":"https:\/\/api.w.org\/{rel}","templated":true}]}}